{"id":580,"date":"2024-09-20T14:33:59","date_gmt":"2024-09-20T18:33:59","guid":{"rendered":"http:\/\/www.mh.ca\/contact-sales\/"},"modified":"2024-11-08T14:06:54","modified_gmt":"2024-11-08T19:06:54","slug":"contact","status":"publish","type":"page","link":"https:\/\/www.mh.ca\/fr\/contact\/","title":{"rendered":"Contactez-nous"},"content":{"rendered":"    <section id=\"block--contact-details-1\" class=\"block block--contact-details\">\n        <div class=\"row big-row\">\n                                                <div>\n                        <script src=\"https:\/\/maps.googleapis.com\/maps\/api\/js?key=AIzaSyAS34eGu07s-qYHWDslJWucvmpQnNrg9hU&#038;callback=initMap&#038;libraries=&#038;v=weekly\" async defer><\/script>\n                        <script>\n                            let locations = [];\n                        <\/script>\n                    <\/div>\n                \n                                                    <div class=\"col col-first col-md-12 col-24\">\n\n                        <div class=\"c--title-stroke no-target\">\n                            <hr>\n                            <div>\n                                \n\t\t\t\t\t<h3 class='c--title-stroke__text-sm'>Bureau de Montr\u00e9al<\/h3>\n\t\t\t\t\t                            <\/div>\n                        <\/div>\n\n                        <div class='c--buttons'><a class='text-p' href='https:\/\/www.google.ca\/maps\/place\/M%26H+Montr%C3%A9al\/@45.4968457,-73.5573156,17z\/data=!3m1!4b1!4m6!3m5!1s0x89d4cb3db7f67ec1:0xb5446aedd53a2b70!8m2!3d45.496842!4d-73.5547353!16s%2Fg%2F11f2wf8yrm?entry=ttu&#038;g_ep=EgoyMDI0MTAyMy4wIKXMDSoASAFQAw%3D%3D' target='_blank' aria-label='External Link' rel='nofollow'>87, rue Prince, bureau&nbsp;310<br>Montr\u00e9al (Qu\u00e9bec) &nbsp;H3C&nbsp;2M7<\/a><\/div>\n                        <div class=\"content-map\">\n                                                                <script>\n                                        locations.push({lat: 45.4968682, lng: -73.5547207});\n                                    <\/script>\n\n                                                                        <div id=\"map-1-0\" class=\"map\"><\/div>\n                                \n                            <div class=\"content-card\">\n                                <div class=\"row\">\n                                    <div class=\"col col-9\">\n                                        \n\t\t\t<picture class='c--picture'>\n\t\t\t<source media='(min-width:1920px)' srcset='https:\/\/www.mh.ca\/wp-content\/uploads\/2024\/10\/Jean-Philippe-Samson_portrait.png'><source media='(min-width:1440px)' srcset='https:\/\/www.mh.ca\/wp-content\/uploads\/2024\/10\/Jean-Philippe-Samson_portrait.png 1x, https:\/\/www.mh.ca\/wp-content\/uploads\/2024\/10\/Jean-Philippe-Samson_portrait.png 2x'><source media='(min-width:1024px)' srcset='https:\/\/www.mh.ca\/wp-content\/uploads\/2024\/10\/Jean-Philippe-Samson_portrait.png 1x, https:\/\/www.mh.ca\/wp-content\/uploads\/2024\/10\/Jean-Philippe-Samson_portrait.png 2x'><source media='(min-width:768px)' srcset='https:\/\/www.mh.ca\/wp-content\/uploads\/2024\/10\/Jean-Philippe-Samson_portrait-1024x1024.png 1x, https:\/\/www.mh.ca\/wp-content\/uploads\/2024\/10\/Jean-Philippe-Samson_portrait.png 2x'><source media='(min-width:480px)' srcset='https:\/\/www.mh.ca\/wp-content\/uploads\/2024\/10\/Jean-Philippe-Samson_portrait-768x768.png 1x, https:\/\/www.mh.ca\/wp-content\/uploads\/2024\/10\/Jean-Philippe-Samson_portrait-1024x1024.png 2x'><source media='(min-width:300px)' srcset='https:\/\/www.mh.ca\/wp-content\/uploads\/2024\/10\/Jean-Philippe-Samson_portrait-480x480.png 1x, https:\/\/www.mh.ca\/wp-content\/uploads\/2024\/10\/Jean-Philippe-Samson_portrait-768x768.png 2x'>\n\t\t\t<img class='c--image lazy' src='https:\/\/www.mh.ca\/wp-content\/uploads\/2024\/10\/Jean-Philippe-Samson_portrait-150x150.png' data-src='https:\/\/www.mh.ca\/wp-content\/uploads\/2024\/10\/Jean-Philippe-Samson_portrait.png' alt='Portrait of Jean-Philippe Samson' aria-label='Portrait of Jean-Philippe Samson' style='object-position:50% 50%;'>\n\t\t\t\n\t\t<\/picture>\n\t\t                                    <\/div>\n                                    <div class=\"col col-15\">\n                                        \n\t\t\t\t\t<h4 class='text-md'>Jean-Philippe Samson<\/h4>\n\t\t\t\t\t\n\t\t\t\t\t<p class='text-sm'>Vice-pr\u00e9sident \u2013 Engagement clients et croissance<\/p>\n\t\t\t\t\t                                        <a class=\"text-mail\" href=\"mailto:jpsamson@mh.ca\">jpsamson@mh.ca<\/a>\n                                    <\/div>\n                                <\/div>\n                            <\/div>\n                        <\/div>\n\n                    <\/div>\n                                                        <div class=\"col col-first col-md-12 col-24\">\n\n                        <div class=\"c--title-stroke no-target\">\n                            <hr>\n                            <div>\n                                \n\t\t\t\t\t<h3 class='c--title-stroke__text-sm'>Bureau de Toronto<\/h3>\n\t\t\t\t\t                            <\/div>\n                        <\/div>\n\n                        <div class='c--buttons'><a class='text-p' href='https:\/\/www.google.ca\/maps\/place\/M%26H+Toronto\/@43.6470277,-79.395873,17z\/data=!3m2!4b1!5s0x882b34da42637a31:0xb298c9152cf85caa!4m6!3m5!1s0x89d4cb50251d513f:0x9ea24e66266588d4!8m2!3d43.6470238!4d-79.3932927!16s%2Fg%2F11q8gk5qv9?entry=ttu&#038;g_ep=EgoyMDI0MTAyMy4wIKXMDSoASAFQAw%3D%3D' target='_blank' aria-label='External Link' rel='nofollow'>333, rue Adelaide W<br>Toronto (Ontario) &nbsp;M5V&nbsp;2G5<\/a><\/div>\n                        <div class=\"content-map\">\n                                                                <script>\n                                        locations.push({lat: 43.6470238, lng: -79.3932927});\n                                    <\/script>\n\n                                                                        <div id=\"map-1-1\" class=\"map\"><\/div>\n                                \n                            <div class=\"content-card\">\n                                <div class=\"row\">\n                                    <div class=\"col col-9\">\n                                        \n\t\t\t<picture class='c--picture'>\n\t\t\t<source media='(min-width:1920px)' srcset='https:\/\/www.mh.ca\/wp-content\/uploads\/2024\/10\/Dave-Nourse_portrait.png'><source media='(min-width:1440px)' srcset='https:\/\/www.mh.ca\/wp-content\/uploads\/2024\/10\/Dave-Nourse_portrait.png 1x, https:\/\/www.mh.ca\/wp-content\/uploads\/2024\/10\/Dave-Nourse_portrait.png 2x'><source media='(min-width:1024px)' srcset='https:\/\/www.mh.ca\/wp-content\/uploads\/2024\/10\/Dave-Nourse_portrait.png 1x, https:\/\/www.mh.ca\/wp-content\/uploads\/2024\/10\/Dave-Nourse_portrait.png 2x'><source media='(min-width:768px)' srcset='https:\/\/www.mh.ca\/wp-content\/uploads\/2024\/10\/Dave-Nourse_portrait-1024x1024.png 1x, https:\/\/www.mh.ca\/wp-content\/uploads\/2024\/10\/Dave-Nourse_portrait.png 2x'><source media='(min-width:480px)' srcset='https:\/\/www.mh.ca\/wp-content\/uploads\/2024\/10\/Dave-Nourse_portrait-768x768.png 1x, https:\/\/www.mh.ca\/wp-content\/uploads\/2024\/10\/Dave-Nourse_portrait-1024x1024.png 2x'><source media='(min-width:300px)' srcset='https:\/\/www.mh.ca\/wp-content\/uploads\/2024\/10\/Dave-Nourse_portrait-480x480.png 1x, https:\/\/www.mh.ca\/wp-content\/uploads\/2024\/10\/Dave-Nourse_portrait-768x768.png 2x'>\n\t\t\t<img class='c--image lazy' src='https:\/\/www.mh.ca\/wp-content\/uploads\/2024\/10\/Dave-Nourse_portrait-150x150.png' data-src='https:\/\/www.mh.ca\/wp-content\/uploads\/2024\/10\/Dave-Nourse_portrait.png' alt='Portrait of Dave Nourse' aria-label='Portrait of Dave Nourse' style='object-position:50% 50%;'>\n\t\t\t\n\t\t<\/picture>\n\t\t                                    <\/div>\n                                    <div class=\"col col-15\">\n                                        \n\t\t\t\t\t<h4 class='text-md'>Dave Nourse<\/h4>\n\t\t\t\t\t\n\t\t\t\t\t<p class='text-sm'>Vice-pr\u00e9sident \u2013 Croissance<\/p>\n\t\t\t\t\t                                        <a class=\"text-mail\" href=\"mailto:dnourse@mh.ca\">dnourse@mh.ca<\/a>\n                                    <\/div>\n                                <\/div>\n                            <\/div>\n                        <\/div>\n\n                    <\/div>\n                                    \n                                                <script>\n                    let map;\n\n                    function initMap() {\n                        locations.forEach((location, index) => {\n                            \/\/ Create map centered at the single pin's location\n                            const mapOptions = {\n                                zoom: 15,  \/\/ Set zoom level\n                                center: { lat: location.lat, lng: location.lng },  \/\/ Center on the pin's coordinates\n                                zoomControl: false,\n                                cameraControl: false,\n                                mapTypeControl: false,\n                                scaleControl: false,\n                                streetViewControl: false,\n                                rotateControl: false,\n                                fullscreenControl: false,\n                                styles:[\n                                    {\n                                        \"featureType\": \"all\",\n                                        \"elementType\": \"geometry.fill\",\n                                        \"stylers\": [\n                                            {\n                                                \"weight\": \"2.00\"\n                                            }\n                                        ]\n                                    },\n                                    {\n                                        \"featureType\": \"all\",\n                                        \"elementType\": \"geometry.stroke\",\n                                        \"stylers\": [\n                                            {\n                                                \"color\": \"#9c9c9c\"\n                                            }\n                                        ]\n                                    },\n                                    {\n                                        \"featureType\": \"all\",\n                                        \"elementType\": \"labels.text\",\n                                        \"stylers\": [\n                                            {\n                                                \"visibility\": \"on\"\n                                            }\n                                        ]\n                                    },\n                                    {\n                                        \"featureType\": \"landscape\",\n                                        \"elementType\": \"all\",\n                                        \"stylers\": [\n                                            {\n                                                \"color\": \"#f2f2f2\"\n                                            }\n                                        ]\n                                    },\n                                    {\n                                        \"featureType\": \"landscape\",\n                                        \"elementType\": \"geometry.fill\",\n                                        \"stylers\": [\n                                            {\n                                                \"color\": \"#ffffff\"\n                                            }\n                                        ]\n                                    },\n                                    {\n                                        \"featureType\": \"landscape.man_made\",\n                                        \"elementType\": \"geometry.fill\",\n                                        \"stylers\": [\n                                            {\n                                                \"color\": \"#ffffff\"\n                                            }\n                                        ]\n                                    },\n                                    {\n                                        \"featureType\": \"poi\",\n                                        \"elementType\": \"all\",\n                                        \"stylers\": [\n                                            {\n                                                \"visibility\": \"off\"\n                                            }\n                                        ]\n                                    },\n                                    {\n                                        \"featureType\": \"road\",\n                                        \"elementType\": \"all\",\n                                        \"stylers\": [\n                                            {\n                                                \"saturation\": -100\n                                            },\n                                            {\n                                                \"lightness\": 45\n                                            }\n                                        ]\n                                    },\n                                    {\n                                        \"featureType\": \"road\",\n                                        \"elementType\": \"geometry.fill\",\n                                        \"stylers\": [\n                                            {\n                                                \"color\": \"#eeeeee\"\n                                            }\n                                        ]\n                                    },\n                                    {\n                                        \"featureType\": \"road\",\n                                        \"elementType\": \"labels.text.fill\",\n                                        \"stylers\": [\n                                            {\n                                                \"color\": \"#7b7b7b\"\n                                            }\n                                        ]\n                                    },\n                                    {\n                                        \"featureType\": \"road\",\n                                        \"elementType\": \"labels.text.stroke\",\n                                        \"stylers\": [\n                                            {\n                                                \"color\": \"#ffffff\"\n                                            }\n                                        ]\n                                    },\n                                    {\n                                        \"featureType\": \"road.highway\",\n                                        \"elementType\": \"all\",\n                                        \"stylers\": [\n                                            {\n                                                \"visibility\": \"simplified\"\n                                            }\n                                        ]\n                                    },\n                                    {\n                                        \"featureType\": \"road.arterial\",\n                                        \"elementType\": \"labels.icon\",\n                                        \"stylers\": [\n                                            {\n                                                \"visibility\": \"off\"\n                                            }\n                                        ]\n                                    },\n                                    {\n                                        \"featureType\": \"transit\",\n                                        \"elementType\": \"all\",\n                                        \"stylers\": [\n                                            {\n                                                \"visibility\": \"off\"\n                                            }\n                                        ]\n                                    },\n                                    {\n                                        \"featureType\": \"water\",\n                                        \"elementType\": \"all\",\n                                        \"stylers\": [\n                                            {\n                                                \"color\": \"#46bcec\"\n                                            },\n                                            {\n                                                \"visibility\": \"on\"\n                                            }\n                                        ]\n                                    },\n                                    {\n                                        \"featureType\": \"water\",\n                                        \"elementType\": \"geometry.fill\",\n                                        \"stylers\": [\n                                            {\n                                                \"color\": \"#c8d7d4\"\n                                            }\n                                        ]\n                                    },\n                                    {\n                                        \"featureType\": \"water\",\n                                        \"elementType\": \"labels.text.fill\",\n                                        \"stylers\": [\n                                            {\n                                                \"color\": \"#070707\"\n                                            }\n                                        ]\n                                    },\n                                    {\n                                        \"featureType\": \"water\",\n                                        \"elementType\": \"labels.text.stroke\",\n                                        \"stylers\": [\n                                            {\n                                                \"color\": \"#ffffff\"\n                                            }\n                                        ]\n                                    }\n                                ]\n                            };\n\n                            \/\/ Initialize the map\n                            map = new google.maps.Map(document.getElementById(\"map-1-\"+index), mapOptions);\n\n                            \/\/ Icon for the marker\n                            const icon = {\n                                url: \"https:\/\/www.mh.ca\/wp-content\/themes\/custom\/img\/google-map-marker.svg\",\n                                scaledSize : new google.maps.Size(30, 40),\n                                origin: new google.maps.Point(0, 0),\n                                anchor: new google.maps.Point(15, 40)\n                            };\n\n                            \/\/ Create marker at the given coordinates\n                            const marker = new google.maps.Marker({\n                                position: { lat: location.lat, lng: location.lng },\n                                icon: icon,\n                                map: map,\n                                title: \"Location\"  \/\/ Title for the marker\n                            });\n                        });\n                    }\n                <\/script>\n                    <\/div>\n    <\/section>\n    ","protected":false},"excerpt":{"rendered":"","protected":false},"author":2,"featured_media":0,"parent":0,"menu_order":0,"comment_status":"closed","ping_status":"closed","template":"","meta":{"footnotes":""},"class_list":["post-580","page","type-page","status-publish","hentry"],"acf":[],"yoast_head":"<!-- This site is optimized with the Yoast SEO plugin v23.4 - https:\/\/yoast.com\/wordpress\/plugins\/seo\/ -->\n<title>Contactez-nous - m&amp;h<\/title>\n<meta name=\"description\" content=\"Peu importe votre secteur, un contenu cr\u00e9atif et strat\u00e9gique transforme vos r\u00e9sultats. Contactez-nous pour d\u00e9couvrir comment atteindre vos objectifs avec impact.\" \/>\n<meta name=\"robots\" content=\"index, follow, max-snippet:-1, max-image-preview:large, max-video-preview:-1\" \/>\n<link rel=\"canonical\" href=\"https:\/\/www.mh.ca\/fr\/contact\/\" \/>\n<meta property=\"og:locale\" content=\"fr_FR\" \/>\n<meta property=\"og:type\" content=\"article\" \/>\n<meta property=\"og:title\" content=\"Contactez-nous - m&amp;h\" \/>\n<meta property=\"og:description\" content=\"Peu importe votre secteur, un contenu cr\u00e9atif et strat\u00e9gique transforme vos r\u00e9sultats. Contactez-nous pour d\u00e9couvrir comment atteindre vos objectifs avec impact.\" \/>\n<meta property=\"og:url\" content=\"https:\/\/www.mh.ca\/fr\/contact\/\" \/>\n<meta property=\"og:site_name\" content=\"m&amp;h\" \/>\n<meta property=\"article:modified_time\" content=\"2024-11-08T19:06:54+00:00\" \/>\n<meta property=\"og:image\" content=\"https:\/\/www.mh.ca\/wp-content\/uploads\/2024\/11\/mh_logo_orange.jpg\" \/>\n\t<meta property=\"og:image:width\" content=\"1200\" \/>\n\t<meta property=\"og:image:height\" content=\"675\" \/>\n\t<meta property=\"og:image:type\" content=\"image\/jpeg\" \/>\n<meta name=\"twitter:card\" content=\"summary_large_image\" \/>\n<script type=\"application\/ld+json\" class=\"yoast-schema-graph\">{\"@context\":\"https:\/\/schema.org\",\"@graph\":[{\"@type\":\"WebPage\",\"@id\":\"https:\/\/www.mh.ca\/fr\/contact\/\",\"url\":\"https:\/\/www.mh.ca\/fr\/contact\/\",\"name\":\"Contactez-nous - m&amp;h\",\"isPartOf\":{\"@id\":\"https:\/\/www.mh.ca\/#website\"},\"datePublished\":\"2024-09-20T18:33:59+00:00\",\"dateModified\":\"2024-11-08T19:06:54+00:00\",\"description\":\"Peu importe votre secteur, un contenu cr\u00e9atif et strat\u00e9gique transforme vos r\u00e9sultats. Contactez-nous pour d\u00e9couvrir comment atteindre vos objectifs avec impact.\",\"breadcrumb\":{\"@id\":\"https:\/\/www.mh.ca\/fr\/contact\/#breadcrumb\"},\"inLanguage\":\"fr-FR\",\"potentialAction\":[{\"@type\":\"ReadAction\",\"target\":[\"https:\/\/www.mh.ca\/fr\/contact\/\"]}]},{\"@type\":\"BreadcrumbList\",\"@id\":\"https:\/\/www.mh.ca\/fr\/contact\/#breadcrumb\",\"itemListElement\":[{\"@type\":\"ListItem\",\"position\":1,\"name\":\"Home\",\"item\":\"https:\/\/www.mh.ca\/fr\/\"},{\"@type\":\"ListItem\",\"position\":2,\"name\":\"Contactez-nous\"}]},{\"@type\":\"WebSite\",\"@id\":\"https:\/\/www.mh.ca\/#website\",\"url\":\"https:\/\/www.mh.ca\/\",\"name\":\"m&amp;h\",\"description\":\"\",\"publisher\":{\"@id\":\"https:\/\/www.mh.ca\/#organization\"},\"potentialAction\":[{\"@type\":\"SearchAction\",\"target\":{\"@type\":\"EntryPoint\",\"urlTemplate\":\"https:\/\/www.mh.ca\/?s={search_term_string}\"},\"query-input\":{\"@type\":\"PropertyValueSpecification\",\"valueRequired\":true,\"valueName\":\"search_term_string\"}}],\"inLanguage\":\"fr-FR\"},{\"@type\":\"Organization\",\"@id\":\"https:\/\/www.mh.ca\/#organization\",\"name\":\"m&amp;h\",\"url\":\"https:\/\/www.mh.ca\/\",\"logo\":{\"@type\":\"ImageObject\",\"inLanguage\":\"fr-FR\",\"@id\":\"https:\/\/www.mh.ca\/#\/schema\/logo\/image\/\",\"url\":\"https:\/\/www.mh.ca\/wp-content\/uploads\/2024\/11\/mh_logo_1x1.jpg\",\"contentUrl\":\"https:\/\/www.mh.ca\/wp-content\/uploads\/2024\/11\/mh_logo_1x1.jpg\",\"width\":696,\"height\":696,\"caption\":\"m&amp;h\"},\"image\":{\"@id\":\"https:\/\/www.mh.ca\/#\/schema\/logo\/image\/\"}}]}<\/script>\n<!-- \/ Yoast SEO plugin. -->","yoast_head_json":{"title":"Contactez-nous - m&amp;h","description":"Peu importe votre secteur, un contenu cr\u00e9atif et strat\u00e9gique transforme vos r\u00e9sultats. Contactez-nous pour d\u00e9couvrir comment atteindre vos objectifs avec impact.","robots":{"index":"index","follow":"follow","max-snippet":"max-snippet:-1","max-image-preview":"max-image-preview:large","max-video-preview":"max-video-preview:-1"},"canonical":"https:\/\/www.mh.ca\/fr\/contact\/","og_locale":"fr_FR","og_type":"article","og_title":"Contactez-nous - m&amp;h","og_description":"Peu importe votre secteur, un contenu cr\u00e9atif et strat\u00e9gique transforme vos r\u00e9sultats. Contactez-nous pour d\u00e9couvrir comment atteindre vos objectifs avec impact.","og_url":"https:\/\/www.mh.ca\/fr\/contact\/","og_site_name":"m&amp;h","article_modified_time":"2024-11-08T19:06:54+00:00","og_image":[{"width":1200,"height":675,"url":"https:\/\/www.mh.ca\/wp-content\/uploads\/2024\/11\/mh_logo_orange.jpg","type":"image\/jpeg"}],"twitter_card":"summary_large_image","schema":{"@context":"https:\/\/schema.org","@graph":[{"@type":"WebPage","@id":"https:\/\/www.mh.ca\/fr\/contact\/","url":"https:\/\/www.mh.ca\/fr\/contact\/","name":"Contactez-nous - m&amp;h","isPartOf":{"@id":"https:\/\/www.mh.ca\/#website"},"datePublished":"2024-09-20T18:33:59+00:00","dateModified":"2024-11-08T19:06:54+00:00","description":"Peu importe votre secteur, un contenu cr\u00e9atif et strat\u00e9gique transforme vos r\u00e9sultats. Contactez-nous pour d\u00e9couvrir comment atteindre vos objectifs avec impact.","breadcrumb":{"@id":"https:\/\/www.mh.ca\/fr\/contact\/#breadcrumb"},"inLanguage":"fr-FR","potentialAction":[{"@type":"ReadAction","target":["https:\/\/www.mh.ca\/fr\/contact\/"]}]},{"@type":"BreadcrumbList","@id":"https:\/\/www.mh.ca\/fr\/contact\/#breadcrumb","itemListElement":[{"@type":"ListItem","position":1,"name":"Home","item":"https:\/\/www.mh.ca\/fr\/"},{"@type":"ListItem","position":2,"name":"Contactez-nous"}]},{"@type":"WebSite","@id":"https:\/\/www.mh.ca\/#website","url":"https:\/\/www.mh.ca\/","name":"m&amp;h","description":"","publisher":{"@id":"https:\/\/www.mh.ca\/#organization"},"potentialAction":[{"@type":"SearchAction","target":{"@type":"EntryPoint","urlTemplate":"https:\/\/www.mh.ca\/?s={search_term_string}"},"query-input":{"@type":"PropertyValueSpecification","valueRequired":true,"valueName":"search_term_string"}}],"inLanguage":"fr-FR"},{"@type":"Organization","@id":"https:\/\/www.mh.ca\/#organization","name":"m&amp;h","url":"https:\/\/www.mh.ca\/","logo":{"@type":"ImageObject","inLanguage":"fr-FR","@id":"https:\/\/www.mh.ca\/#\/schema\/logo\/image\/","url":"https:\/\/www.mh.ca\/wp-content\/uploads\/2024\/11\/mh_logo_1x1.jpg","contentUrl":"https:\/\/www.mh.ca\/wp-content\/uploads\/2024\/11\/mh_logo_1x1.jpg","width":696,"height":696,"caption":"m&amp;h"},"image":{"@id":"https:\/\/www.mh.ca\/#\/schema\/logo\/image\/"}}]}},"_links":{"self":[{"href":"https:\/\/www.mh.ca\/fr\/wp-json\/wp\/v2\/pages\/580"}],"collection":[{"href":"https:\/\/www.mh.ca\/fr\/wp-json\/wp\/v2\/pages"}],"about":[{"href":"https:\/\/www.mh.ca\/fr\/wp-json\/wp\/v2\/types\/page"}],"author":[{"embeddable":true,"href":"https:\/\/www.mh.ca\/fr\/wp-json\/wp\/v2\/users\/2"}],"replies":[{"embeddable":true,"href":"https:\/\/www.mh.ca\/fr\/wp-json\/wp\/v2\/comments?post=580"}],"version-history":[{"count":7,"href":"https:\/\/www.mh.ca\/fr\/wp-json\/wp\/v2\/pages\/580\/revisions"}],"predecessor-version":[{"id":1527,"href":"https:\/\/www.mh.ca\/fr\/wp-json\/wp\/v2\/pages\/580\/revisions\/1527"}],"wp:attachment":[{"href":"https:\/\/www.mh.ca\/fr\/wp-json\/wp\/v2\/media?parent=580"}],"curies":[{"name":"wp","href":"https:\/\/api.w.org\/{rel}","templated":true}]}}