{"id":577,"date":"2024-09-20T14:33:22","date_gmt":"2024-09-20T18:33:22","guid":{"rendered":"http:\/\/www.mh.ca\/careers\/"},"modified":"2025-09-16T10:05:55","modified_gmt":"2025-09-16T14:05:55","slug":"carrieres","status":"publish","type":"page","link":"https:\/\/www.mh.ca\/fr\/carrieres\/","title":{"rendered":"Des d\u00e9fis \u00e0 ta mesure"},"content":{"rendered":"\n        <script type=\"text\/javascript\">\n            document.addEventListener('DOMContentLoaded', () => {\n                document.querySelectorAll('.js--click-career-form').forEach(button => {\n                    button.addEventListener('click', () => {\n                        const officeName = button.getAttribute('data-office');\n                        const officeField = document.querySelector('input[name=\"office\"]');\n                        if (officeField) {\n                            officeField.value = officeName;\n                        }\n                    });\n                });\n            });\n        <\/script>\n\n        <section id=\"block--careers-1\" class=\"block block--careers\">\n          \n            \n\t\t\t\t<div class='c--gallery-images'>\n\t\t\t\t\n\t\t\t<picture class='c--picture'>\n\t\t\t<source media='(min-width:1920px)' srcset='https:\/\/www.mh.ca\/wp-content\/uploads\/2024\/10\/mh_MTL_Employees_F_Dos_02_1920x1080.png'><source media='(min-width:1440px)' srcset='https:\/\/www.mh.ca\/wp-content\/uploads\/2024\/10\/mh_MTL_Employees_F_Dos_02_1920x1080.png 1x, https:\/\/www.mh.ca\/wp-content\/uploads\/2024\/10\/mh_MTL_Employees_F_Dos_02_1920x1080.png 2x'><source media='(min-width:1024px)' srcset='https:\/\/www.mh.ca\/wp-content\/uploads\/2024\/10\/mh_MTL_Employees_F_Dos_02_1920x1080-1440x810.png 1x, https:\/\/www.mh.ca\/wp-content\/uploads\/2024\/10\/mh_MTL_Employees_F_Dos_02_1920x1080.png 2x'><source media='(min-width:768px)' srcset='https:\/\/www.mh.ca\/wp-content\/uploads\/2024\/10\/mh_MTL_Employees_F_Dos_02_1920x1080-1024x576.png 1x, https:\/\/www.mh.ca\/wp-content\/uploads\/2024\/10\/mh_MTL_Employees_F_Dos_02_1920x1080.png 2x'><source media='(min-width:480px)' srcset='https:\/\/www.mh.ca\/wp-content\/uploads\/2024\/10\/mh_MTL_Employees_F_Dos_02_1920x1080-768x432.png 1x, https:\/\/www.mh.ca\/wp-content\/uploads\/2024\/10\/mh_MTL_Employees_F_Dos_02_1920x1080-1024x576.png 2x'><source media='(min-width:300px)' srcset='https:\/\/www.mh.ca\/wp-content\/uploads\/2024\/10\/mh_MTL_Employees_F_Dos_02_1920x1080-480x270.png 1x, https:\/\/www.mh.ca\/wp-content\/uploads\/2024\/10\/mh_MTL_Employees_F_Dos_02_1920x1080-768x432.png 2x'>\n\t\t\t<img class='c--image lazy' src='https:\/\/www.mh.ca\/wp-content\/uploads\/2024\/10\/mh_MTL_Employees_F_Dos_02_1920x1080-150x84.png' data-src='https:\/\/www.mh.ca\/wp-content\/uploads\/2024\/10\/mh_MTL_Employees_F_Dos_02_1920x1080.png' alt='View from behind of an office worker at a desk with multiple computer screens, surrounded by a modern open office setup.' aria-label='View from behind of an office worker at a desk with multiple computer screens, surrounded by a modern open office setup.' style='object-position:50% 50%;'>\n\t\t\t\n\t\t<\/picture>\n\t\t\n\t\t\t<\/div>\n\t\t\t\n            <div class=\"row\">\n                <div class=\"col col-left col-md-16 col-24\">\n                                            <div class=\"c--title-stroke no-target\">\n                            <div>\n                                \n\t\t\t\t\t<h3 class='c--title-stroke__text-sm'>Travailler chez m&#038;h<\/h3>\n\t\t\t\t\t                            <\/div>\n                            <hr>\n                        <\/div>\n                        <div class='c--wysiwyg '><h3 class='scroll--toggle-class js--split-text js--split-text-3'>Tu cherches \u00e0 faire carri\u00e8re dans un environnement dynamique et cr\u00e9atif? Chez m&amp;h, nous valorisons le talent et l\u2019innovation. Rejoins notre \u00e9quipe et contribue \u00e0 des projets passionnants et innovants. Nous sommes fiers de notre culture d\u2019entreprise et de notre engagement envers le d\u00e9veloppement professionnel de nos employ\u00e9s.<\/h3>\n<h4 class='scroll--toggle-class js--split-text js--split-text-4'><b>Les avantages de travailler chez m&amp;h :<\/b><\/h4>\n<ul class='scroll--toggle-class scroll--translate-y'>\n<li><b>Temps suppl\u00e9mentaire pay\u00e9<\/b> <b>ou mis en banque pour les employ\u00e9s de la production<\/b> : sois r\u00e9mun\u00e9r\u00e9 ou reprends ce temps plus tard pour chaque heure suppl\u00e9mentaire travaill\u00e9e.<\/li>\n<li><b>Horaire de travail flexible et en mode hybride<\/b> : b\u00e9n\u00e9ficie d\u2019un \u00e9quilibre optimal entre vie personnelle et professionnelle.<\/li>\n<li><b>T\u00e9l\u00e9travail \u00e0 l\u2019\u00e9tranger<\/b> : profite de la libert\u00e9 de travailler depuis l&#8217;\u00e9tranger jusqu\u2019\u00e0 quatre semaines par an.<\/li>\n<li><b>Avantages sociaux <\/b>: b\u00e9n\u00e9ficie d\u2019un plan d\u2019assurances collectives et d\u2019un r\u00e9gime d\u2019\u00e9pargne avec la contribution de l\u2019entreprise.<\/li>\n<\/ul>\n<ul class='scroll--toggle-class scroll--translate-y'>\n<li><b>\u00c9v\u00e9nements corporatifs et cr\u00e9atifs<\/b> : participe \u00e0 nos 5 \u00e0 7, sorties culturelles, soir\u00e9es de No\u00ebl et d\u2019\u00e9t\u00e9, et autres \u00e9v\u00e9nements rassembleurs.<\/li>\n<li><b>Ambiance de travail d\u00e9contract\u00e9e<\/b> : \u00e9volue dans un environnement de travail d\u00e9tendu et convivial.<\/li>\n<li><b>Possibilit\u00e9 d\u2019avancement<\/b> : d\u00e9veloppe ta carri\u00e8re au sein de notre entreprise avec des possibilit\u00e9s d\u2019\u00e9volution.<\/li>\n<li><b>Engagement communautaire<\/b> : contribue positivement \u00e0 la communaut\u00e9 gr\u00e2ce \u00e0 notre implication active.<\/li>\n<\/ul>\n<p class='scroll--toggle-class js--split-text js--split-text-4'>Viens faire partie d\u2019une \u00e9quipe qui valorise la cr\u00e9ativit\u00e9, l\u2019innovation et le bien-\u00eatre de ses employ\u00e9s.<\/p>\n<\/div>                <\/div>\n\n                <div class=\"col col-md-8 col-24\">\n                    <div class=\"block--careers__right\">\n                                                \n                                <div class=\"career-office\">\n                                    <div class=\"c--title-stroke no-target\">\n                                        <div>\n                                            <h3 class=\"c--title-stroke__text-sm\">\n                                                Emplois disponibles \u00e0                                                <strong>Montr\u00e9al<\/strong>\n                                            <\/h3>\n                                        <\/div>\n                                        <hr>\n                                    <\/div>\n                        \n                                                                            <ul class=\"career-list\">\n                                                                                            <li>\n                                                    <a href=\"https:\/\/www.mh.ca\/fr\/careers\/designer-graphique\/\">\n                                                        Designer graphique                                                    <\/a>\n                                                <\/li>\n                                                                                            <li>\n                                                    <a href=\"https:\/\/www.mh.ca\/fr\/careers\/chargee-de-projets-contrat-de-6-mois\/\">\n                                                        Charg\u00e9\u00b7e de projets (contrat de 6 mois &#8211; Sherbrooke)                                                    <\/a>\n                                                <\/li>\n                                                                                            <li>\n                                                    <a href=\"https:\/\/www.mh.ca\/fr\/careers\/chargee-de-projets\/\">\n                                                        Charg\u00e9\u00b7e de projets                                                    <\/a>\n                                                <\/li>\n                                                                                    <\/ul>\n                                                            \n                                    <button \n                                        id=\"js--button-career-form\" \n                                        data-fancybox \n                                        data-src=\"#js--lightbox-career-form\" \n                                        class=\"btn-default js--click-career-form\" \n                                        data-office=\"Montr\u00e9al\">\n                                        Candidature spontan\u00e9e                                        <span class=\"btn-default--circle\"><\/span>\n                                    <\/button>\n                                <\/div>\n                        \n                                                        \n                                <div class=\"career-office\">\n                                    <div class=\"c--title-stroke no-target\">\n                                        <div>\n                                            <h3 class=\"c--title-stroke__text-sm\">\n                                                Aucun poste disponible \u00e0                                                <strong>Toronto<\/strong>\n                                            <\/h3>\n                                        <\/div>\n                                        <hr>\n                                    <\/div>\n                        \n                                                            \n                                    <button \n                                        id=\"js--button-career-form\" \n                                        data-fancybox \n                                        data-src=\"#js--lightbox-career-form\" \n                                        class=\"btn-default js--click-career-form\" \n                                        data-office=\"Toronto\">\n                                        Candidature spontan\u00e9e                                        <span class=\"btn-default--circle\"><\/span>\n                                    <\/button>\n                                <\/div>\n                        \n                                                    <\/div>\n                <\/div>\n\n                                <div id=\"js--lightbox-career-form\" class=\"js--lightbox-career-form js--lightbox-newsletter\">\n                    <button type=\"button\" data-fancybox-close class=\"btn-close-lightbox\" title=\"Close\">\n                        <svg xmlns=\"http:\/\/www.w3.org\/2000\/svg\" viewBox=\"0 0 24 24\" width=\"24\" height=\"24\" stroke=\"currentColor\" stroke-width=\"2\" fill=\"none\" stroke-linecap=\"round\" stroke-linejoin=\"round\">\n                            <line x1=\"18\" y1=\"6\" x2=\"6\" y2=\"18\"><\/line>\n                            <line x1=\"6\" y1=\"6\" x2=\"18\" y2=\"18\"><\/line>\n                        <\/svg>\n                    <\/button>\n                    <div class=\"c--wysiwyg\">\n                        <div class='c--wysiwyg '><h3 class='scroll--toggle-class js--split-text js--split-text-3'>Formulaire de candidature m&amp;h<\/h3>\n<\/div>                    <\/div>\n\n                    <div class=\"careers-form\">\n                        <div class=\"c--form\">\n                            \n<div class=\"wpcf7 no-js\" id=\"wpcf7-f3298-o1\" lang=\"fr-FR\" dir=\"ltr\">\n<div class=\"screen-reader-response\"><p role=\"status\" aria-live=\"polite\" aria-atomic=\"true\"><\/p> <ul><\/ul><\/div>\n<form action=\"\/fr\/wp-json\/wp\/v2\/pages\/577#wpcf7-f3298-o1\" method=\"post\" class=\"wpcf7-form init\" aria-label=\"Contact form\" enctype=\"multipart\/form-data\" novalidate=\"novalidate\" data-status=\"init\">\n<div style=\"display: none;\">\n<input type=\"hidden\" name=\"_wpcf7\" value=\"3298\" \/>\n<input type=\"hidden\" name=\"_wpcf7_version\" value=\"5.9.8\" \/>\n<input type=\"hidden\" name=\"_wpcf7_locale\" value=\"fr_FR\" \/>\n<input type=\"hidden\" name=\"_wpcf7_unit_tag\" value=\"wpcf7-f3298-o1\" \/>\n<input type=\"hidden\" name=\"_wpcf7_container_post\" value=\"0\" \/>\n<input type=\"hidden\" name=\"_wpcf7_posted_data_hash\" value=\"\" \/>\n<\/div>\n<div class=\"row row-form\">\n  <div class=\"col col-form col-sm-12 col-24\">\n      <div class=\"c--input\">\n        <span class=\"wpcf7-form-control-wrap\" data-name=\"first-name\"><input size=\"40\" maxlength=\"400\" class=\"wpcf7-form-control wpcf7-text wpcf7-validates-as-required\" id=\"career-first-name\" aria-required=\"true\" aria-invalid=\"false\" value=\"\" type=\"text\" name=\"first-name\" \/><\/span>\n        <label for=\"career-first-name\">Pr\u00e9nom*<\/label>\n      <\/div>\n  <\/div>\n  <div class=\"col col-form col-sm-12 col-24\">\n      <div class=\"c--input\">\n        <span class=\"wpcf7-form-control-wrap\" data-name=\"last-name\"><input size=\"40\" maxlength=\"400\" class=\"wpcf7-form-control wpcf7-text wpcf7-validates-as-required\" id=\"career-last-name\" aria-required=\"true\" aria-invalid=\"false\" value=\"\" type=\"text\" name=\"last-name\" \/><\/span>\n        <label for=\"career-last-name\">Nom*<\/label>\n      <\/div>\n  <\/div>\n  <div class=\"col col-form col-24\">\n      <div class=\"c--input\">\n        <span class=\"wpcf7-form-control-wrap\" data-name=\"email\"><input size=\"40\" maxlength=\"400\" class=\"wpcf7-form-control wpcf7-email wpcf7-validates-as-required wpcf7-text wpcf7-validates-as-email\" id=\"career-email\" aria-required=\"true\" aria-invalid=\"false\" value=\"\" type=\"email\" name=\"email\" \/><\/span>\n        <label for=\"career-email\">Courriel*<\/label>\n      <\/div>\n  <\/div>\n  <div class=\"col col-form col-24\">\n      <div class=\"c--input\">\n        <span class=\"wpcf7-form-control-wrap\" data-name=\"telephone\"><input size=\"40\" maxlength=\"400\" class=\"wpcf7-form-control wpcf7-tel wpcf7-validates-as-required wpcf7-text wpcf7-validates-as-tel\" id=\"career-phone\" aria-required=\"true\" aria-invalid=\"false\" value=\"\" type=\"tel\" name=\"telephone\" \/><\/span>\n        <label for=\"career-phone\">Num\u00e9ro de t\u00e9l\u00e9phone*<\/label>\n      <\/div>\n  <\/div>\n  <div class=\"col col-form col-24\">\n      <div class=\"c--input\">\n        <span class=\"wpcf7-form-control-wrap\" data-name=\"linkedin-url\"><input size=\"40\" maxlength=\"400\" class=\"wpcf7-form-control wpcf7-url wpcf7-text wpcf7-validates-as-url\" id=\"career-linkedin-profile\" aria-invalid=\"false\" value=\"\" type=\"url\" name=\"linkedin-url\" \/><\/span>\n        <label for=\"career-linkedin-profile\">Lien vers ton profil LinkedIn<\/label>\n      <\/div>\n  <\/div>\n  <div class=\"col col-form col-24\">\n      <div class=\"c--input\">\n        <span class=\"wpcf7-form-control-wrap\" data-name=\"portfolio-url\"><input size=\"40\" maxlength=\"400\" class=\"wpcf7-form-control wpcf7-url wpcf7-text wpcf7-validates-as-url\" id=\"career-portfolio\" aria-invalid=\"false\" value=\"\" type=\"url\" name=\"portfolio-url\" \/><\/span>\n        <label for=\"career-portfolio\">Lien vers ton portfolio<\/label>\n      <\/div>\n  <\/div>\n  <div class=\"col col-form col-24\">      \n    <div class=\"c--input\">\n      <span class=\"wpcf7-form-control-wrap\" data-name=\"career-file\"><input size=\"40\" class=\"wpcf7-form-control wpcf7-file wpcf7-validates-as-required\" id=\"career-file\" accept=\".pdf,.doc,.docx\" aria-required=\"true\" aria-invalid=\"false\" type=\"file\" name=\"career-file\" \/><\/span>\n        <label for=\"career-file\">T\u00e9l\u00e9chargez votre CV ici*<\/label>\n    <\/div>\n  <\/div>\n  <div class=\"col col-form col-24\">\n      <label for=\"career-position\">Quel type de poste sollicites-tu?*<\/label>\n      <span class=\"wpcf7-form-control-wrap\" data-name=\"career-position\"><select class=\"wpcf7-form-control wpcf7-select wpcf7-validates-as-required js--select\" id=\"career-position\" aria-required=\"true\" aria-invalid=\"false\" name=\"career-position\"><option value=\"S\u00e9lectionner...\">S\u00e9lectionner&#8230;<\/option><option value=\"Charg\u00e9 de projets\">Charg\u00e9 de projets<\/option><option value=\"Chef de production\">Chef de production<\/option><option value=\"Designer graphique\">Designer graphique<\/option><option value=\"D\u00e9veloppeur Front-End\">D\u00e9veloppeur Front-End<\/option><option value=\"D\u00e9veloppement des affaires\">D\u00e9veloppement des affaires<\/option><option value=\"Infographiste\">Infographiste<\/option><option value=\"Marketing\">Marketing<\/option><option value=\"Production vid\u00e9o\">Production vid\u00e9o<\/option><option value=\"R\u00e9dacteur\">R\u00e9dacteur<\/option><option value=\"R\u00e9viseur\">R\u00e9viseur<\/option><option value=\"Traducteur\">Traducteur<\/option><option value=\"Autres\">Autres<\/option><\/select><\/span>\n  <\/div>\n  <div class=\"col col-form col-24\">      \n    <input class=\"wpcf7-form-control wpcf7-hidden\" value=\"\" type=\"hidden\" name=\"job-title\" \/>\n    <input class=\"wpcf7-form-control wpcf7-hidden\" value=\"\" type=\"hidden\" name=\"office\" \/>\n    <div class=\"btn-submit\">\n      <span class=\"text\">Soumettre ma candidature<\/span>\n      <input class=\"wpcf7-form-control wpcf7-submit has-spinner\" type=\"submit\" value=\"&nbsp;\" \/>\n      <span class=\"btn-default--circle\"><\/span>\n    <\/div>\n  <\/div>\n<\/div><div class=\"wpcf7-response-output\" aria-hidden=\"true\"><\/div>\n<\/form>\n<\/div>\n                        <\/div>\n                    <\/div>\n                <\/div>\n        <\/section>\n\n    ","protected":false},"excerpt":{"rendered":"","protected":false},"author":2,"featured_media":0,"parent":0,"menu_order":0,"comment_status":"closed","ping_status":"closed","template":"","meta":{"footnotes":""},"class_list":["post-577","page","type-page","status-publish","hentry"],"acf":[],"yoast_head":"<!-- This site is optimized with the Yoast SEO plugin v23.4 - https:\/\/yoast.com\/wordpress\/plugins\/seo\/ -->\n<title>Une carri\u00e8re cr\u00e9ative chez m&amp;h - m&amp;h<\/title>\n<meta name=\"description\" content=\"Rejoignez M&amp;H pour un emploi en production de contenu cr\u00e9atif dans un environnement dynamique. \u00c9volution de carri\u00e8re, \u00e9quilibre et avantages uniques.\" \/>\n<meta name=\"robots\" content=\"index, follow, max-snippet:-1, max-image-preview:large, max-video-preview:-1\" \/>\n<link rel=\"canonical\" href=\"https:\/\/www.mh.ca\/fr\/carrieres\/\" \/>\n<meta property=\"og:locale\" content=\"fr_FR\" \/>\n<meta property=\"og:type\" content=\"article\" \/>\n<meta property=\"og:title\" content=\"Une carri\u00e8re cr\u00e9ative chez m&amp;h - m&amp;h\" \/>\n<meta property=\"og:description\" content=\"Rejoignez M&amp;H pour un emploi en production de contenu cr\u00e9atif dans un environnement dynamique. \u00c9volution de carri\u00e8re, \u00e9quilibre et avantages uniques.\" \/>\n<meta property=\"og:url\" content=\"https:\/\/www.mh.ca\/fr\/carrieres\/\" \/>\n<meta property=\"og:site_name\" content=\"m&amp;h\" \/>\n<meta property=\"article:modified_time\" content=\"2025-09-16T14:05:55+00:00\" \/>\n<meta property=\"og:image\" content=\"https:\/\/www.mh.ca\/wp-content\/uploads\/2024\/11\/mh_logo_orange.jpg\" \/>\n\t<meta property=\"og:image:width\" content=\"1200\" \/>\n\t<meta property=\"og:image:height\" content=\"675\" \/>\n\t<meta property=\"og:image:type\" content=\"image\/jpeg\" \/>\n<meta name=\"twitter:card\" content=\"summary_large_image\" \/>\n<script type=\"application\/ld+json\" class=\"yoast-schema-graph\">{\"@context\":\"https:\/\/schema.org\",\"@graph\":[{\"@type\":\"WebPage\",\"@id\":\"https:\/\/www.mh.ca\/fr\/carrieres\/\",\"url\":\"https:\/\/www.mh.ca\/fr\/carrieres\/\",\"name\":\"Une carri\u00e8re cr\u00e9ative chez m&h - m&amp;h\",\"isPartOf\":{\"@id\":\"https:\/\/www.mh.ca\/#website\"},\"datePublished\":\"2024-09-20T18:33:22+00:00\",\"dateModified\":\"2025-09-16T14:05:55+00:00\",\"description\":\"Rejoignez M&H pour un emploi en production de contenu cr\u00e9atif dans un environnement dynamique. \u00c9volution de carri\u00e8re, \u00e9quilibre et avantages uniques.\",\"breadcrumb\":{\"@id\":\"https:\/\/www.mh.ca\/fr\/carrieres\/#breadcrumb\"},\"inLanguage\":\"fr-FR\",\"potentialAction\":[{\"@type\":\"ReadAction\",\"target\":[\"https:\/\/www.mh.ca\/fr\/carrieres\/\"]}]},{\"@type\":\"BreadcrumbList\",\"@id\":\"https:\/\/www.mh.ca\/fr\/carrieres\/#breadcrumb\",\"itemListElement\":[{\"@type\":\"ListItem\",\"position\":1,\"name\":\"Home\",\"item\":\"https:\/\/www.mh.ca\/fr\/\"},{\"@type\":\"ListItem\",\"position\":2,\"name\":\"Des d\u00e9fis \u00e0 ta mesure\"}]},{\"@type\":\"WebSite\",\"@id\":\"https:\/\/www.mh.ca\/#website\",\"url\":\"https:\/\/www.mh.ca\/\",\"name\":\"m&amp;h\",\"description\":\"\",\"publisher\":{\"@id\":\"https:\/\/www.mh.ca\/#organization\"},\"potentialAction\":[{\"@type\":\"SearchAction\",\"target\":{\"@type\":\"EntryPoint\",\"urlTemplate\":\"https:\/\/www.mh.ca\/?s={search_term_string}\"},\"query-input\":{\"@type\":\"PropertyValueSpecification\",\"valueRequired\":true,\"valueName\":\"search_term_string\"}}],\"inLanguage\":\"fr-FR\"},{\"@type\":\"Organization\",\"@id\":\"https:\/\/www.mh.ca\/#organization\",\"name\":\"m&amp;h\",\"url\":\"https:\/\/www.mh.ca\/\",\"logo\":{\"@type\":\"ImageObject\",\"inLanguage\":\"fr-FR\",\"@id\":\"https:\/\/www.mh.ca\/#\/schema\/logo\/image\/\",\"url\":\"https:\/\/www.mh.ca\/wp-content\/uploads\/2024\/11\/mh_logo_1x1.jpg\",\"contentUrl\":\"https:\/\/www.mh.ca\/wp-content\/uploads\/2024\/11\/mh_logo_1x1.jpg\",\"width\":696,\"height\":696,\"caption\":\"m&amp;h\"},\"image\":{\"@id\":\"https:\/\/www.mh.ca\/#\/schema\/logo\/image\/\"}}]}<\/script>\n<!-- \/ Yoast SEO plugin. -->","yoast_head_json":{"title":"Une carri\u00e8re cr\u00e9ative chez m&h - m&amp;h","description":"Rejoignez M&H pour un emploi en production de contenu cr\u00e9atif dans un environnement dynamique. \u00c9volution de carri\u00e8re, \u00e9quilibre et avantages uniques.","robots":{"index":"index","follow":"follow","max-snippet":"max-snippet:-1","max-image-preview":"max-image-preview:large","max-video-preview":"max-video-preview:-1"},"canonical":"https:\/\/www.mh.ca\/fr\/carrieres\/","og_locale":"fr_FR","og_type":"article","og_title":"Une carri\u00e8re cr\u00e9ative chez m&h - m&amp;h","og_description":"Rejoignez M&H pour un emploi en production de contenu cr\u00e9atif dans un environnement dynamique. \u00c9volution de carri\u00e8re, \u00e9quilibre et avantages uniques.","og_url":"https:\/\/www.mh.ca\/fr\/carrieres\/","og_site_name":"m&amp;h","article_modified_time":"2025-09-16T14:05:55+00:00","og_image":[{"width":1200,"height":675,"url":"https:\/\/www.mh.ca\/wp-content\/uploads\/2024\/11\/mh_logo_orange.jpg","type":"image\/jpeg"}],"twitter_card":"summary_large_image","schema":{"@context":"https:\/\/schema.org","@graph":[{"@type":"WebPage","@id":"https:\/\/www.mh.ca\/fr\/carrieres\/","url":"https:\/\/www.mh.ca\/fr\/carrieres\/","name":"Une carri\u00e8re cr\u00e9ative chez m&h - m&amp;h","isPartOf":{"@id":"https:\/\/www.mh.ca\/#website"},"datePublished":"2024-09-20T18:33:22+00:00","dateModified":"2025-09-16T14:05:55+00:00","description":"Rejoignez M&H pour un emploi en production de contenu cr\u00e9atif dans un environnement dynamique. \u00c9volution de carri\u00e8re, \u00e9quilibre et avantages uniques.","breadcrumb":{"@id":"https:\/\/www.mh.ca\/fr\/carrieres\/#breadcrumb"},"inLanguage":"fr-FR","potentialAction":[{"@type":"ReadAction","target":["https:\/\/www.mh.ca\/fr\/carrieres\/"]}]},{"@type":"BreadcrumbList","@id":"https:\/\/www.mh.ca\/fr\/carrieres\/#breadcrumb","itemListElement":[{"@type":"ListItem","position":1,"name":"Home","item":"https:\/\/www.mh.ca\/fr\/"},{"@type":"ListItem","position":2,"name":"Des d\u00e9fis \u00e0 ta mesure"}]},{"@type":"WebSite","@id":"https:\/\/www.mh.ca\/#website","url":"https:\/\/www.mh.ca\/","name":"m&amp;h","description":"","publisher":{"@id":"https:\/\/www.mh.ca\/#organization"},"potentialAction":[{"@type":"SearchAction","target":{"@type":"EntryPoint","urlTemplate":"https:\/\/www.mh.ca\/?s={search_term_string}"},"query-input":{"@type":"PropertyValueSpecification","valueRequired":true,"valueName":"search_term_string"}}],"inLanguage":"fr-FR"},{"@type":"Organization","@id":"https:\/\/www.mh.ca\/#organization","name":"m&amp;h","url":"https:\/\/www.mh.ca\/","logo":{"@type":"ImageObject","inLanguage":"fr-FR","@id":"https:\/\/www.mh.ca\/#\/schema\/logo\/image\/","url":"https:\/\/www.mh.ca\/wp-content\/uploads\/2024\/11\/mh_logo_1x1.jpg","contentUrl":"https:\/\/www.mh.ca\/wp-content\/uploads\/2024\/11\/mh_logo_1x1.jpg","width":696,"height":696,"caption":"m&amp;h"},"image":{"@id":"https:\/\/www.mh.ca\/#\/schema\/logo\/image\/"}}]}},"_links":{"self":[{"href":"https:\/\/www.mh.ca\/fr\/wp-json\/wp\/v2\/pages\/577"}],"collection":[{"href":"https:\/\/www.mh.ca\/fr\/wp-json\/wp\/v2\/pages"}],"about":[{"href":"https:\/\/www.mh.ca\/fr\/wp-json\/wp\/v2\/types\/page"}],"author":[{"embeddable":true,"href":"https:\/\/www.mh.ca\/fr\/wp-json\/wp\/v2\/users\/2"}],"replies":[{"embeddable":true,"href":"https:\/\/www.mh.ca\/fr\/wp-json\/wp\/v2\/comments?post=577"}],"version-history":[{"count":32,"href":"https:\/\/www.mh.ca\/fr\/wp-json\/wp\/v2\/pages\/577\/revisions"}],"predecessor-version":[{"id":3743,"href":"https:\/\/www.mh.ca\/fr\/wp-json\/wp\/v2\/pages\/577\/revisions\/3743"}],"wp:attachment":[{"href":"https:\/\/www.mh.ca\/fr\/wp-json\/wp\/v2\/media?parent=577"}],"curies":[{"name":"wp","href":"https:\/\/api.w.org\/{rel}","templated":true}]}}